{"id":255,"date":"2015-11-17T17:20:23","date_gmt":"2015-11-17T08:20:23","guid":{"rendered":"http:\/\/k-ino.jp\/wp\/fr\/?page_id=255"},"modified":"2015-11-26T15:58:06","modified_gmt":"2015-11-26T06:58:06","slug":"kumiko","status":"publish","type":"page","link":"https:\/\/k-ino.jp\/fr\/kumiko\/","title":{"rendered":"\u00c0 PROPOS DU KUMIKO"},"content":{"rendered":"<p><img loading=\"lazy\" decoding=\"async\" class=\"alignleft size-full wp-image-247\" src=\"http:\/\/k-ino.jp\/wp\/wp-content\/uploads\/2015\/11\/p01.jpg\" alt=\"p01\" width=\"250\" height=\"377\" srcset=\"https:\/\/k-ino.jp\/wp\/wp-content\/uploads\/2015\/11\/p01.jpg 250w, https:\/\/k-ino.jp\/wp\/wp-content\/uploads\/2015\/11\/p01-212x320.jpg 212w\" sizes=\"auto, (max-width: 250px) 100vw, 250px\" \/>La maison japonaise traditionnelle, r\u00e9put\u00e9e par une longue culture de l\u2019usage du bois, est symbolis\u00e9e par des \u00e9quipements raffin\u00e9s comme les \u00ab\u00a0fusuma\u00a0\u00bb (portes coulissantes), \u00ab\u00a0shoji\u00a0\u00bb (portes coulissantes en papier avec treillis) et \u00ab\u00a0ranma\u00a0\u00bb (impostes d\u00e9coratives).<\/p>\n<p>Ces r\u00e9alisations exemplaires sont celles d\u2019artisans sp\u00e9cialis\u00e9s, dont le travail se distingue de celui des charpentiers.<br \/> Le kumiko repr\u00e9sente le treillis de bois qui est con\u00e7u et fabriqu\u00e9 pour la d\u00e9coration de l\u2019int\u00e9rieur des panneaux.<\/p>\n<p>Il s\u2019agit de fines traverses de bois, entrelac\u00e9es pour construire des motifs \u00e9labor\u00e9s. Ce haut niveau de complexit\u00e9 est unique et propre \u00e0 la construction japonaise.<\/p>\n<p>R\u00e9aliser un kumiko est un acte d\u2019extr\u00eame pr\u00e9cision et requiert une tr\u00e8s grande patience.<\/p>\n<p style=\"text-align: right;\"><img loading=\"lazy\" decoding=\"async\" class=\"alignnone size-full wp-image-248\" src=\"http:\/\/k-ino.jp\/wp\/wp-content\/uploads\/2015\/11\/p02.jpg\" alt=\"p02\" width=\"250\" height=\"158\" \/><\/p>\n<hr \/>\n<p>&nbsp;<\/p>\n<p><img loading=\"lazy\" decoding=\"async\" class=\"alignnone size-full wp-image-249\" src=\"http:\/\/k-ino.jp\/wp\/wp-content\/uploads\/2015\/11\/p03.jpg\" alt=\"p03\" width=\"250\" height=\"167\" \/> <img loading=\"lazy\" decoding=\"async\" class=\"alignnone size-full wp-image-250\" src=\"http:\/\/k-ino.jp\/wp\/wp-content\/uploads\/2015\/11\/p04.jpg\" alt=\"p04\" width=\"250\" height=\"166\" \/><\/p>\n<hr \/>\n<p>&nbsp;<\/p>\n<p><img loading=\"lazy\" decoding=\"async\" class=\"alignright size-full wp-image-252\" src=\"http:\/\/k-ino.jp\/wp\/wp-content\/uploads\/2015\/11\/p05.jpg\" alt=\"p05\" width=\"250\" height=\"353\" srcset=\"https:\/\/k-ino.jp\/wp\/wp-content\/uploads\/2015\/11\/p05.jpg 250w, https:\/\/k-ino.jp\/wp\/wp-content\/uploads\/2015\/11\/p05-227x320.jpg 227w\" sizes=\"auto, (max-width: 250px) 100vw, 250px\" \/>La beaut\u00e9 du kumiko s\u2019exprime au travers d\u2019une grande diversit\u00e9 de motifs, r\u00e9p\u00e9t\u00e9s et combin\u00e9s pour former des compositions vari\u00e9es.<\/p>\n<p>La couleur du bois naturel est habilement respect\u00e9e et agenc\u00e9e en fonction des motifs.<\/p>\n<p>L\u2019art v\u00e9ritable du kumiko se manifeste dans la finesse de ces cr\u00e9ations.<\/p>\n<p>L\u2019importance de la lumi\u00e8re est r\u00e9v\u00e9l\u00e9e dans ces deux photos du m\u00eame ouvrage.<\/p>\n<p>La lumi\u00e8re naturelle \u00e9tant un \u00e9l\u00e9ment essentiel du kumiko, l\u2019artisan aura cette priorit\u00e9 toujours \u00e0 l\u2019esprit, \u00e0 la conception et \u00e0 la r\u00e9alisation.<\/p>\n<p><img loading=\"lazy\" decoding=\"async\" class=\"alignnone wp-image-253 size-medium\" src=\"http:\/\/k-ino.jp\/wp\/wp-content\/uploads\/2015\/11\/en_01-320x320.jpg\" alt=\"en_01\" width=\"320\" height=\"320\" srcset=\"https:\/\/k-ino.jp\/wp\/wp-content\/uploads\/2015\/11\/en_01-320x320.jpg 320w, https:\/\/k-ino.jp\/wp\/wp-content\/uploads\/2015\/11\/en_01-360x360.jpg 360w, https:\/\/k-ino.jp\/wp\/wp-content\/uploads\/2015\/11\/en_01.jpg 640w\" sizes=\"auto, (max-width: 320px) 100vw, 320px\" \/><\/p>\n<p>&nbsp;<\/p>\n","protected":false},"excerpt":{"rendered":"La maison japonaise traditionnelle, r\u00e9put\u00e9e par une longue culture de l\u2019usage du bois, est symbolis\u00e9e par des \u00e9quipements raffin\u00e9s comme les \u00ab\u00a0fusuma\u00a0\u00bb (portes coulissantes), \u00ab\u00a0shoji\u00a0\u00bb (portes coulissantes en papier avec treillis) et \u00ab\u00a0ranma\u00a0\u00bb (impostes d\u00e9coratives). Ces r\u00e9alisations exemplaires sont celles d\u2019artisans sp\u00e9cialis\u00e9s, dont le travail se distingue de celui des charpentiers. Le kumiko repr\u00e9sente le treillis de bois qui est con\u00e7u et fabriqu\u00e9 pour la d\u00e9coration de l\u2019int\u00e9rieur des panneaux. Il s\u2019agit de fines traverses de bois, entrelac\u00e9es pour construire des motifs \u00e9labor\u00e9s. Ce haut niveau de complexit\u00e9 est unique et propre \u00e0 la construction japonaise. R\u00e9aliser un kumiko est un acte d\u2019extr\u00eame pr\u00e9cision et requiert une tr\u00e8s grande patience. [&hellip;]","protected":false},"author":1,"featured_media":247,"parent":0,"menu_order":1,"comment_status":"closed","ping_status":"closed","template":"page-index.php","meta":{"_acf_changed":false,"footnotes":""},"class_list":["post-255","page","type-page","status-publish","has-post-thumbnail","hentry"],"acf":[],"publishpress_future_action":{"enabled":false,"date":"2026-05-16 13:14:58","action":"change-status","newStatus":"draft","terms":[],"taxonomy":"translation_priority","extraData":[]},"publishpress_future_workflow_manual_trigger":{"enabledWorkflows":[]},"_links":{"self":[{"href":"https:\/\/k-ino.jp\/fr\/wp-json\/wp\/v2\/pages\/255","targetHints":{"allow":["GET"]}}],"collection":[{"href":"https:\/\/k-ino.jp\/fr\/wp-json\/wp\/v2\/pages"}],"about":[{"href":"https:\/\/k-ino.jp\/fr\/wp-json\/wp\/v2\/types\/page"}],"author":[{"embeddable":true,"href":"https:\/\/k-ino.jp\/fr\/wp-json\/wp\/v2\/users\/1"}],"replies":[{"embeddable":true,"href":"https:\/\/k-ino.jp\/fr\/wp-json\/wp\/v2\/comments?post=255"}],"version-history":[{"count":3,"href":"https:\/\/k-ino.jp\/fr\/wp-json\/wp\/v2\/pages\/255\/revisions"}],"predecessor-version":[{"id":361,"href":"https:\/\/k-ino.jp\/fr\/wp-json\/wp\/v2\/pages\/255\/revisions\/361"}],"wp:featuredmedia":[{"embeddable":true,"href":"https:\/\/k-ino.jp\/fr\/wp-json\/wp\/v2\/media\/247"}],"wp:attachment":[{"href":"https:\/\/k-ino.jp\/fr\/wp-json\/wp\/v2\/media?parent=255"}],"curies":[{"name":"wp","href":"https:\/\/api.w.org\/{rel}","templated":true}]}}