{"id":270,"date":"2015-11-17T17:33:12","date_gmt":"2015-11-17T08:33:12","guid":{"rendered":"http:\/\/k-ino.jp\/wp\/fr\/?page_id=270"},"modified":"2015-11-26T15:59:01","modified_gmt":"2015-11-26T06:59:01","slug":"quest-ce-quun-kumiko","status":"publish","type":"page","link":"https:\/\/k-ino.jp\/fr\/kumiko\/quest-ce-quun-kumiko\/","title":{"rendered":"QU\u2019EST-CE QU\u2019UN KUMIKO ?"},"content":{"rendered":"<p><img loading=\"lazy\" decoding=\"async\" class=\"alignleft size-full wp-image-258\" src=\"http:\/\/k-ino.jp\/wp\/wp-content\/uploads\/2015\/11\/011.jpg\" alt=\"01\" width=\"200\" height=\"240\" \/>Kumiko est le terme utilis\u00e9 pour d\u00e9signer le travail de treillis raffin\u00e9 r\u00e9alis\u00e9 sur les portes coulissantes, les shoji (portes \u00e0 quadrillage de bois et papier) et les impostes d\u00e9coratives dans les int\u00e9rieurs traditionnels japonais.<\/p>\n<p>Les dimensions du quadrillage du motif d\u2019un kumiko sont g\u00e9n\u00e9ralement de 6 \u00e0 10mm. La comp\u00e9tition entre artisans exp\u00e9riment\u00e9s a \u00e9lev\u00e9 la qualit\u00e9 \u00e0 un niveau portant les mesures de ces croisillons de 2 \u00e0 4.5mm.<\/p>\n<hr \/>\n<p><img loading=\"lazy\" decoding=\"async\" class=\"alignright size-full wp-image-259\" src=\"http:\/\/k-ino.jp\/wp\/wp-content\/uploads\/2015\/11\/03.jpg\" alt=\"03\" width=\"200\" height=\"150\" \/>Habituellement, le shoji est constitu\u00e9 de petites traverses de bois verticales et horizontales, assembl\u00e9es selon la m\u00e9thode <em>kude<\/em> (voir photo ci-contre).<\/p>\n<hr \/>\n<p><img loading=\"lazy\" decoding=\"async\" class=\"alignleft size-full wp-image-260\" src=\"http:\/\/k-ino.jp\/wp\/wp-content\/uploads\/2015\/11\/02.jpg\" alt=\"02\" width=\"200\" height=\"150\" \/>Ce type d\u2019assemblage \u00ab\u00a0<em>kude<\/em>\u00a0\u00bb est la base du kumiko qui permet de cr\u00e9er de nombreux motifs vari\u00e9s.<\/p>\n","protected":false},"excerpt":{"rendered":"Kumiko est le terme utilis\u00e9 pour d\u00e9signer le travail de treillis raffin\u00e9 r\u00e9alis\u00e9 sur les portes coulissantes, les shoji (portes \u00e0 quadrillage de bois et papier) et les impostes d\u00e9coratives dans les int\u00e9rieurs traditionnels japonais. Les dimensions du quadrillage du motif d\u2019un kumiko sont g\u00e9n\u00e9ralement de 6 \u00e0 10mm. La comp\u00e9tition entre artisans exp\u00e9riment\u00e9s a \u00e9lev\u00e9 la qualit\u00e9 \u00e0 un niveau portant les mesures de ces croisillons de 2 \u00e0 4.5mm. Habituellement, le shoji est constitu\u00e9 de petites traverses de bois verticales et horizontales, assembl\u00e9es selon la m\u00e9thode kude (voir photo ci-contre). Ce type d\u2019assemblage \u00ab\u00a0kude\u00a0\u00bb est la base du kumiko qui permet de cr\u00e9er de nombreux motifs vari\u00e9s.","protected":false},"author":1,"featured_media":111,"parent":255,"menu_order":1,"comment_status":"closed","ping_status":"closed","template":"","meta":{"_acf_changed":false,"footnotes":""},"class_list":["post-270","page","type-page","status-publish","has-post-thumbnail","hentry"],"acf":[],"publishpress_future_action":{"enabled":false,"date":"2026-05-11 22:16:12","action":"change-status","newStatus":"draft","terms":[],"taxonomy":"translation_priority","extraData":[]},"publishpress_future_workflow_manual_trigger":{"enabledWorkflows":[]},"_links":{"self":[{"href":"https:\/\/k-ino.jp\/fr\/wp-json\/wp\/v2\/pages\/270","targetHints":{"allow":["GET"]}}],"collection":[{"href":"https:\/\/k-ino.jp\/fr\/wp-json\/wp\/v2\/pages"}],"about":[{"href":"https:\/\/k-ino.jp\/fr\/wp-json\/wp\/v2\/types\/page"}],"author":[{"embeddable":true,"href":"https:\/\/k-ino.jp\/fr\/wp-json\/wp\/v2\/users\/1"}],"replies":[{"embeddable":true,"href":"https:\/\/k-ino.jp\/fr\/wp-json\/wp\/v2\/comments?post=270"}],"version-history":[{"count":2,"href":"https:\/\/k-ino.jp\/fr\/wp-json\/wp\/v2\/pages\/270\/revisions"}],"predecessor-version":[{"id":362,"href":"https:\/\/k-ino.jp\/fr\/wp-json\/wp\/v2\/pages\/270\/revisions\/362"}],"up":[{"embeddable":true,"href":"https:\/\/k-ino.jp\/fr\/wp-json\/wp\/v2\/pages\/255"}],"wp:featuredmedia":[{"embeddable":true,"href":"https:\/\/k-ino.jp\/fr\/wp-json\/wp\/v2\/media\/111"}],"wp:attachment":[{"href":"https:\/\/k-ino.jp\/fr\/wp-json\/wp\/v2\/media?parent=270"}],"curies":[{"name":"wp","href":"https:\/\/api.w.org\/{rel}","templated":true}]}}