{"id":295,"date":"2015-10-28T18:11:35","date_gmt":"2015-10-28T09:11:35","guid":{"rendered":"http:\/\/k-ino.jp\/wp\/fr\/?page_id=295"},"modified":"2015-12-07T10:41:50","modified_gmt":"2015-12-07T01:41:50","slug":"order","status":"publish","type":"page","link":"https:\/\/k-ino.jp\/fr\/order\/","title":{"rendered":"CONDITIONS DE VENTE"},"content":{"rendered":"<h3><a href=\"http:\/\/k-ino.jp\/wp\/wp-content\/uploads\/2015\/10\/10604468_841245359227042_2400533371908318496_o.jpg\"><img loading=\"lazy\" decoding=\"async\" class=\"alignright size-medium wp-image-115 photo01\" src=\"http:\/\/k-ino.jp\/wp\/wp-content\/uploads\/2015\/10\/10604468_841245359227042_2400533371908318496_o-213x320.jpg\" alt=\"10604468_841245359227042_2400533371908318496_o\" width=\"213\" height=\"320\" srcset=\"https:\/\/k-ino.jp\/wp\/wp-content\/uploads\/2015\/10\/10604468_841245359227042_2400533371908318496_o-213x320.jpg 213w, https:\/\/k-ino.jp\/wp\/wp-content\/uploads\/2015\/10\/10604468_841245359227042_2400533371908318496_o-427x640.jpg 427w, https:\/\/k-ino.jp\/wp\/wp-content\/uploads\/2015\/10\/10604468_841245359227042_2400533371908318496_o.jpg 640w\" sizes=\"auto, (max-width: 213px) 100vw, 213px\" \/><\/a>Nos cr\u00e9ations sont r\u00e9alis\u00e9es sur mesure.<\/h3>\n<p>Tous les produits de la boutique Menuiserie d\u2019Art Inomata sont disponibles pour les commandes.<\/p>\n<p>Une fois que la demande du client est formalis\u00e9e par nos \u00e9changes, la mise en production est lanc\u00e9e.<\/p>\n<p>Adressez-nous votre commande par e-mail et n\u2019h\u00e9sitez pas \u00e0 nous contacter.<\/p>\n<div class=\"btnBox720\"><a class=\"botton01\" title=\"Formulaire de commande est ici\" href=\"#orderform\">Formulaire de contact<\/a><\/div>\n<p>&nbsp;<\/p>\n<hr \/>\n<h3 style=\"text-align: center;\">D\u00e9bit \u00e0 la livraison<\/h3>\n<h4 style=\"text-align: center;\">R\u00e9ception de la commande<\/h4>\n<p style=\"text-align: center;\">Nous accusons r\u00e9ception de votre commande.<\/p>\n<h4 style=\"text-align: center;\">Rendez-vous<\/h4>\n<p style=\"text-align: center;\">Un rendez-vous est fix\u00e9 selon disponibilit\u00e9s.<br \/> S\u2019il s\u2019agit d\u2019une commande en provenance de l\u2019\u00e9tranger, il est possible d\u2019\u00e9changer par e-mail.<\/p>\n<h4 style=\"text-align: center;\">La production<\/h4>\n<p style=\"text-align: center;\">Le d\u00e9lai de fabrication est d\u2019environ 2 \u00e0 4 semaines.<br \/>Toutefois, ce temps peut varier en fonction des caract\u00e9ristiques du produit command\u00e9 et de la charge de production.<\/p>\n<h4 style=\"text-align: center;\">Livraison des marchandises<\/h4>\n<p style=\"text-align: center;\">La livraison sera effectu\u00e9e d\u00e8s la fin de production. <br \/> Nous vous contacterons pour d\u00e9finir le mode de livraison et le paiement.<\/p>\n<hr \/>\n<div class=\"boxCenter\">\n<p><span id=\"formkey_field\"><a id=\"orderform\"><\/a>[mwform_formkey key=\u00a0\u00bb316&Prime;]<\/span><\/p>\n<\/div>\n<p>&nbsp;<\/p>\n","protected":false},"excerpt":{"rendered":"Nos cr\u00e9ations sont r\u00e9alis\u00e9es sur mesure. Tous les produits de la boutique Menuiserie d\u2019Art Inomata sont disponibles pour les commandes. Une fois que la demande du client est formalis\u00e9e par nos \u00e9changes, la mise en production est lanc\u00e9e. Adressez-nous votre commande par e-mail et n\u2019h\u00e9sitez pas \u00e0 nous contacter. Formulaire de contact &nbsp; D\u00e9bit \u00e0 la livraison R\u00e9ception de la commande Nous accusons r\u00e9ception de votre commande. Rendez-vous Un rendez-vous est fix\u00e9 selon disponibilit\u00e9s. S\u2019il s\u2019agit d\u2019une commande en provenance de l\u2019\u00e9tranger, il est possible d\u2019\u00e9changer par e-mail. La production Le d\u00e9lai de fabrication est d\u2019environ 2 \u00e0 4 semaines.Toutefois, ce temps peut varier en fonction des caract\u00e9ristiques du produit [&hellip;]","protected":false},"author":1,"featured_media":3248,"parent":0,"menu_order":4,"comment_status":"closed","ping_status":"closed","template":"","meta":{"_acf_changed":false,"footnotes":""},"class_list":["post-295","page","type-page","status-publish","has-post-thumbnail","hentry"],"acf":[],"publishpress_future_action":{"enabled":false,"date":"2026-04-25 19:30:34","action":"change-status","newStatus":"draft","terms":[],"taxonomy":"translation_priority","extraData":[]},"publishpress_future_workflow_manual_trigger":{"enabledWorkflows":[]},"_links":{"self":[{"href":"https:\/\/k-ino.jp\/fr\/wp-json\/wp\/v2\/pages\/295","targetHints":{"allow":["GET"]}}],"collection":[{"href":"https:\/\/k-ino.jp\/fr\/wp-json\/wp\/v2\/pages"}],"about":[{"href":"https:\/\/k-ino.jp\/fr\/wp-json\/wp\/v2\/types\/page"}],"author":[{"embeddable":true,"href":"https:\/\/k-ino.jp\/fr\/wp-json\/wp\/v2\/users\/1"}],"replies":[{"embeddable":true,"href":"https:\/\/k-ino.jp\/fr\/wp-json\/wp\/v2\/comments?post=295"}],"version-history":[{"count":5,"href":"https:\/\/k-ino.jp\/fr\/wp-json\/wp\/v2\/pages\/295\/revisions"}],"predecessor-version":[{"id":847,"href":"https:\/\/k-ino.jp\/fr\/wp-json\/wp\/v2\/pages\/295\/revisions\/847"}],"wp:featuredmedia":[{"embeddable":true,"href":"https:\/\/k-ino.jp\/fr\/wp-json\/wp\/v2\/media\/3248"}],"wp:attachment":[{"href":"https:\/\/k-ino.jp\/fr\/wp-json\/wp\/v2\/media?parent=295"}],"curies":[{"name":"wp","href":"https:\/\/api.w.org\/{rel}","templated":true}]}}