{"id":298,"date":"2015-11-18T16:57:58","date_gmt":"2015-11-18T07:57:58","guid":{"rendered":"http:\/\/k-ino.jp\/wp\/fr\/?page_id=298"},"modified":"2015-12-15T13:31:56","modified_gmt":"2015-12-15T04:31:56","slug":"showroom","status":"publish","type":"page","link":"https:\/\/k-ino.jp\/fr\/showroom\/","title":{"rendered":"SHOWROOM"},"content":{"rendered":"<p style=\"text-align: center;\"><img loading=\"lazy\" decoding=\"async\" class=\"alignnone size-full wp-image-852\" src=\"http:\/\/k-ino.jp\/wp\/wp-content\/uploads\/2015\/11\/page_main_showroom_fr.jpg\" alt=\"page_main_showroom_fr\" width=\"640\" height=\"200\" srcset=\"https:\/\/k-ino.jp\/wp\/wp-content\/uploads\/2015\/11\/page_main_showroom_fr.jpg 640w, https:\/\/k-ino.jp\/wp\/wp-content\/uploads\/2015\/11\/page_main_showroom_fr-320x100.jpg 320w\" sizes=\"auto, (max-width: 640px) 100vw, 640px\" \/><\/p>\n<hr \/>\n<h3 style=\"text-align: center;\">SHOWROOM \u00ab SPACE INO \u00bb<\/h3>\n<p style=\"text-align: center;\">Cet espace pr\u00e9sente une grande vari\u00e9t\u00e9 de r\u00e9alisations.<br \/>Pour un rendez-vous ou une visite \u00e0 notre showroom,<br \/>merci de compl\u00e9ter et de nous envoyer le formulaire de contact.<\/p>\n<p><a href=\"http:\/\/k-ino.jp\/wp\/wp-content\/uploads\/2015\/10\/DSCF0298.jpg\"><img loading=\"lazy\" decoding=\"async\" class=\"alignnone  wp-image-217\" src=\"http:\/\/k-ino.jp\/wp\/wp-content\/uploads\/2015\/10\/DSCF0298-320x240.jpg\" alt=\"DSCF0298\" width=\"240\" height=\"180\" srcset=\"https:\/\/k-ino.jp\/wp\/wp-content\/uploads\/2015\/10\/DSCF0298-320x240.jpg 320w, https:\/\/k-ino.jp\/wp\/wp-content\/uploads\/2015\/10\/DSCF0298-640x480.jpg 640w, https:\/\/k-ino.jp\/wp\/wp-content\/uploads\/2015\/10\/DSCF0298.jpg 1280w\" sizes=\"auto, (max-width: 240px) 100vw, 240px\" \/><\/a> <a href=\"http:\/\/k-ino.jp\/wp\/wp-content\/uploads\/2015\/10\/DSCF0299.jpg\"><img loading=\"lazy\" decoding=\"async\" class=\"alignnone  wp-image-218\" src=\"http:\/\/k-ino.jp\/wp\/wp-content\/uploads\/2015\/10\/DSCF0299-320x240.jpg\" alt=\"DSCF0299\" width=\"240\" height=\"180\" srcset=\"https:\/\/k-ino.jp\/wp\/wp-content\/uploads\/2015\/10\/DSCF0299-320x240.jpg 320w, https:\/\/k-ino.jp\/wp\/wp-content\/uploads\/2015\/10\/DSCF0299-640x480.jpg 640w, https:\/\/k-ino.jp\/wp\/wp-content\/uploads\/2015\/10\/DSCF0299.jpg 1280w\" sizes=\"auto, (max-width: 240px) 100vw, 240px\" \/><\/a> <a href=\"http:\/\/k-ino.jp\/wp\/wp-content\/uploads\/2015\/10\/DSCF0306.jpg\"><img loading=\"lazy\" decoding=\"async\" class=\"alignnone  wp-image-219\" src=\"http:\/\/k-ino.jp\/wp\/wp-content\/uploads\/2015\/10\/DSCF0306-320x240.jpg\" alt=\"DSCF0306\" width=\"240\" height=\"180\" srcset=\"https:\/\/k-ino.jp\/wp\/wp-content\/uploads\/2015\/10\/DSCF0306-320x240.jpg 320w, https:\/\/k-ino.jp\/wp\/wp-content\/uploads\/2015\/10\/DSCF0306-640x480.jpg 640w, https:\/\/k-ino.jp\/wp\/wp-content\/uploads\/2015\/10\/DSCF0306.jpg 1280w\" sizes=\"auto, (max-width: 240px) 100vw, 240px\" \/><\/a><\/p>\n<p style=\"text-align: right;\"><a href=\"http:\/\/k-ino.jp\/wp\/wp-content\/uploads\/2015\/10\/DSCF0309.jpg\"><img loading=\"lazy\" decoding=\"async\" class=\"alignnone  wp-image-223\" src=\"http:\/\/k-ino.jp\/wp\/wp-content\/uploads\/2015\/10\/DSCF0309-320x240.jpg\" alt=\"DSCF0309\" width=\"240\" height=\"180\" srcset=\"https:\/\/k-ino.jp\/wp\/wp-content\/uploads\/2015\/10\/DSCF0309-320x240.jpg 320w, https:\/\/k-ino.jp\/wp\/wp-content\/uploads\/2015\/10\/DSCF0309-640x480.jpg 640w, https:\/\/k-ino.jp\/wp\/wp-content\/uploads\/2015\/10\/DSCF0309.jpg 1280w\" sizes=\"auto, (max-width: 240px) 100vw, 240px\" \/><\/a> <a href=\"http:\/\/k-ino.jp\/wp\/wp-content\/uploads\/2015\/10\/DSCF0302.jpg\"><img loading=\"lazy\" decoding=\"async\" class=\"alignnone  wp-image-224\" src=\"http:\/\/k-ino.jp\/wp\/wp-content\/uploads\/2015\/10\/DSCF0302-320x240.jpg\" alt=\"DSCF0302\" width=\"240\" height=\"180\" srcset=\"https:\/\/k-ino.jp\/wp\/wp-content\/uploads\/2015\/10\/DSCF0302-320x240.jpg 320w, https:\/\/k-ino.jp\/wp\/wp-content\/uploads\/2015\/10\/DSCF0302-640x480.jpg 640w, https:\/\/k-ino.jp\/wp\/wp-content\/uploads\/2015\/10\/DSCF0302.jpg 1280w\" sizes=\"auto, (max-width: 240px) 100vw, 240px\" \/><\/a> <a href=\"http:\/\/k-ino.jp\/wp\/wp-content\/uploads\/2015\/10\/DSCF0303_2.jpg\"><img loading=\"lazy\" decoding=\"async\" class=\"alignnone  wp-image-225\" src=\"http:\/\/k-ino.jp\/wp\/wp-content\/uploads\/2015\/10\/DSCF0303_2-320x240.jpg\" alt=\"DSCF0303_2\" width=\"240\" height=\"180\" srcset=\"https:\/\/k-ino.jp\/wp\/wp-content\/uploads\/2015\/10\/DSCF0303_2-320x240.jpg 320w, https:\/\/k-ino.jp\/wp\/wp-content\/uploads\/2015\/10\/DSCF0303_2-640x480.jpg 640w, https:\/\/k-ino.jp\/wp\/wp-content\/uploads\/2015\/10\/DSCF0303_2.jpg 1280w\" sizes=\"auto, (max-width: 240px) 100vw, 240px\" \/><\/a><\/p>\n<p>&nbsp;<\/p>\n<hr \/>\n<p>&nbsp;<\/p>\n<p style=\"text-align: center;\">\u00a0<\/p>\n","protected":false},"excerpt":{"rendered":"SHOWROOM \u00ab SPACE INO \u00bb Cet espace pr\u00e9sente une grande vari\u00e9t\u00e9 de r\u00e9alisations.Pour un rendez-vous ou une visite \u00e0 notre showroom,merci de compl\u00e9ter et de nous envoyer le formulaire de contact. &nbsp; &nbsp; \u00a0","protected":false},"author":1,"featured_media":226,"parent":0,"menu_order":5,"comment_status":"closed","ping_status":"closed","template":"","meta":{"_acf_changed":false,"footnotes":""},"class_list":["post-298","page","type-page","status-publish","has-post-thumbnail","hentry"],"acf":[],"publishpress_future_action":{"enabled":false,"date":"2026-04-25 19:31:57","action":"change-status","newStatus":"draft","terms":[],"taxonomy":"translation_priority","extraData":[]},"publishpress_future_workflow_manual_trigger":{"enabledWorkflows":[]},"_links":{"self":[{"href":"https:\/\/k-ino.jp\/fr\/wp-json\/wp\/v2\/pages\/298","targetHints":{"allow":["GET"]}}],"collection":[{"href":"https:\/\/k-ino.jp\/fr\/wp-json\/wp\/v2\/pages"}],"about":[{"href":"https:\/\/k-ino.jp\/fr\/wp-json\/wp\/v2\/types\/page"}],"author":[{"embeddable":true,"href":"https:\/\/k-ino.jp\/fr\/wp-json\/wp\/v2\/users\/1"}],"replies":[{"embeddable":true,"href":"https:\/\/k-ino.jp\/fr\/wp-json\/wp\/v2\/comments?post=298"}],"version-history":[{"count":5,"href":"https:\/\/k-ino.jp\/fr\/wp-json\/wp\/v2\/pages\/298\/revisions"}],"predecessor-version":[{"id":860,"href":"https:\/\/k-ino.jp\/fr\/wp-json\/wp\/v2\/pages\/298\/revisions\/860"}],"wp:featuredmedia":[{"embeddable":true,"href":"https:\/\/k-ino.jp\/fr\/wp-json\/wp\/v2\/media\/226"}],"wp:attachment":[{"href":"https:\/\/k-ino.jp\/fr\/wp-json\/wp\/v2\/media?parent=298"}],"curies":[{"name":"wp","href":"https:\/\/api.w.org\/{rel}","templated":true}]}}