{"id":300,"date":"2015-10-28T18:12:40","date_gmt":"2015-10-28T09:12:40","guid":{"rendered":"http:\/\/k-ino.jp\/wp\/fr\/?page_id=300"},"modified":"2024-10-24T15:55:18","modified_gmt":"2024-10-24T06:55:18","slug":"company","status":"publish","type":"page","link":"https:\/\/k-ino.jp\/fr\/company\/","title":{"rendered":"QUI SOMMES-NOUS ?"},"content":{"rendered":"<h2>PRIX ET R\u00c9COMPENSES<\/h2>\n<ul>\n<li>11\u00e8me concours national des cloisons mobiles \u00e0 Miyazaki : prix de la presse de Miyazaki.<\/li>\n<li>12\u00e8me concours national des cloisons mobiles \u00e0 Tokyo : prix du responsable de l\u2019\u00e9conomie\u00a0 du travail de Tokyo.<\/li>\n<li>14\u00e8me concours national des cloisons mobiles \u00e0 Nagano : prix du conseil municipal de Nagano.<\/li>\n<li>17\u00e8me concours national des cloisons mobiles \u00e0 Shimane : prix du comit\u00e9 ex\u00e9cutif du concours de Shimane.<\/li>\n<li>Premier certificat de Ma\u00eetre accord\u00e9 par la ville de Joetsu.<\/li>\n<li>45\u00e8me exposition de cr\u00e9ation artisanale : prix du Minist\u00e8re de l\u2019\u00c9ducation, de la Culture, des Sports, des Sciences et de la Technologie.<\/li>\n<li>Cool Japan Awards 2019 Awarded<\/li>\n<\/ul>\n<p><a href=\"http:\/\/k-ino.jp\/wp\/wp-content\/uploads\/2015\/12\/KAB1s1.jpg\"><img loading=\"lazy\" decoding=\"async\" class=\"alignnone wp-image-599 \" src=\"http:\/\/k-ino.jp\/wp\/wp-content\/uploads\/2015\/12\/KAB1s1-315x320.jpg\" alt=\"KAB1s\" width=\"263\" height=\"267\" srcset=\"https:\/\/k-ino.jp\/wp\/wp-content\/uploads\/2015\/12\/KAB1s1-315x320.jpg 315w, https:\/\/k-ino.jp\/wp\/wp-content\/uploads\/2015\/12\/KAB1s1-630x640.jpg 630w, https:\/\/k-ino.jp\/wp\/wp-content\/uploads\/2015\/12\/KAB1s1.jpg 1259w\" sizes=\"auto, (max-width: 263px) 100vw, 263px\" \/><\/a><\/p>\n<h2><strong>EXPOSITIONS \u00c0 L\u2019ETRANGER<\/strong><\/h2>\n<ul>\n<li>2006 \u00a0Sarone Exhibition, Milan\u00a0\u00a0\u00a0\u00a0\u00a0 <a href=\"https:\/\/k-ino.jp\/wp\/wp-content\/uploads\/2024\/10\/35f2292c915426510fef531350f8f300.jpg\"><img loading=\"lazy\" decoding=\"async\" class=\"alignright size-medium wp-image-3174\" src=\"https:\/\/k-ino.jp\/wp\/wp-content\/uploads\/2024\/10\/35f2292c915426510fef531350f8f300-320x213.jpg\" alt=\"\" width=\"320\" height=\"213\" srcset=\"https:\/\/k-ino.jp\/wp\/wp-content\/uploads\/2024\/10\/35f2292c915426510fef531350f8f300-320x213.jpg 320w, https:\/\/k-ino.jp\/wp\/wp-content\/uploads\/2024\/10\/35f2292c915426510fef531350f8f300-640x425.jpg 640w, https:\/\/k-ino.jp\/wp\/wp-content\/uploads\/2024\/10\/35f2292c915426510fef531350f8f300-768x510.jpg 768w, https:\/\/k-ino.jp\/wp\/wp-content\/uploads\/2024\/10\/35f2292c915426510fef531350f8f300-360x240.jpg 360w, https:\/\/k-ino.jp\/wp\/wp-content\/uploads\/2024\/10\/35f2292c915426510fef531350f8f300.jpg 1280w\" sizes=\"auto, (max-width: 320px) 100vw, 320px\" \/><\/a>\u00a0\u00a0\u00a0\u00a0\u00a0\u00a0\u00a0\u00a0\u00a0\u00a0\u00a0\u00a0\u00a0\u00a0\u00a0\u00a0\u00a0\u00a0\u00a0\u00a0<\/li>\n<li>2011 \u00a0Wabisabi Exhibition,Paris<\/li>\n<li>2012 \u00a0Japan Expo, Paris<\/li>\n<li>2013 \u00a0Japan Expo USA<\/li>\n<li>2014 \u00a0Ambiente 2015 in Germany<\/li>\n<li>2015 \u00a0Artexpo New York<\/li>\n<li>2016 \u00a0MAISON\uff06OBJET Paris\u00a0 January<br \/>\n\u00a0 \u00a0 \u00a0 \u00a0 \u00a0 EQUIP HOTEL\u00a0 Paris<\/li>\n<li>2017\u00a0 \u00a0MAISON\uff06OBJET Paris January<br \/>\n\u00a0 \u00a0 \u00a0 \u00a0 \u00a0 MAISON\uff06OBJET Paris September<\/li>\n<li>2018\u00a0 \u00a0MAISON\uff06OBJET Paris January<\/li>\n<li>2022\u00a0 \u00a0Materials &amp;Light 2022 Paris.\u00a0<\/li>\n<\/ul>\n<p><span style=\"font-size: 20px;\"><strong>Expositions d&rsquo;art \u00e0 l&rsquo;\u00e9tranger pr\u00e9c\u00e9dentes<\/strong><\/span><\/p>\n<div>\u30fb2012. Le Carrousel des M\u00e9tiers d\u2019art et de la Cr\u00e9ation Paris<a href=\"https:\/\/k-ino.jp\/wp\/wp-content\/uploads\/2021\/10\/8261d76875e08d16398a79d0b52150b0.jpg\"><img loading=\"lazy\" decoding=\"async\" class=\"alignright  wp-image-1926\" src=\"https:\/\/k-ino.jp\/wp\/wp-content\/uploads\/2021\/10\/8261d76875e08d16398a79d0b52150b0-320x275.jpg\" alt=\"\" width=\"292\" height=\"251\" srcset=\"https:\/\/k-ino.jp\/wp\/wp-content\/uploads\/2021\/10\/8261d76875e08d16398a79d0b52150b0-320x275.jpg 320w, https:\/\/k-ino.jp\/wp\/wp-content\/uploads\/2021\/10\/8261d76875e08d16398a79d0b52150b0-640x549.jpg 640w, https:\/\/k-ino.jp\/wp\/wp-content\/uploads\/2021\/10\/8261d76875e08d16398a79d0b52150b0-768x659.jpg 768w, https:\/\/k-ino.jp\/wp\/wp-content\/uploads\/2021\/10\/8261d76875e08d16398a79d0b52150b0.jpg 1280w\" sizes=\"auto, (max-width: 292px) 100vw, 292px\" \/><\/a><\/div>\n<div>\u30fb2013. Japan Expo USA 2013<\/div>\n<div>\u30fb2013. Art Expo NEW YORK USA<\/div>\n<div>\u30fb2015. Montreux Art Gllery SUISSE<\/div>\n<div>\u30fb2017. BESETO Art festival Korea<\/div>\n<div>\u30fb2018. MINERBA\u00a0 London Mall gallery<\/div>\n<div>\u30fb2018. Houyouten Taipei<\/div>\n<div>\u30fb2018. CONTEMPORARY VENICE 2018<\/div>\n<div>\u30fb2019. VENICE INTERNATIONAL ART FAIR<\/div>\n<div>\u30fb2019. JARDIN in Abu Dhabi. Etihad Modern Art Gallery<\/div>\n<div>\u30fb2020. UAE World Art Dubai.<\/div>\n<div>\u30fb2021. TAIWAN-JAPAN ART EXPOSITION\u3000-ART SONGSHAN-<\/div>\n<div>\u30fb2021. Le\u00a0Salon d\u2019Automne 2021<\/div>\n<div>\u30fb2022. DAEJEON INTERNATIONAL ART SHOW 2022<\/div>\n<div>\u30fb2024.Art For All 2024 ~Art for All<strong>\u00a0exhibition<\/strong>. Thai Bangkok\u00a0<\/div>\n<div>\u00a0<\/div>\n<div>\u00a0<\/div>\n<h2>NOS COORDONN\u00c9ES<\/h2>\n<h4><strong><a href=\"http:\/\/k-ino.jp\/wp\/wp-content\/uploads\/2015\/10\/DSCF0296.jpg\"><img loading=\"lazy\" decoding=\"async\" class=\"alignright  wp-image-116 photo01\" src=\"http:\/\/k-ino.jp\/wp\/wp-content\/uploads\/2015\/10\/DSCF0296-320x240.jpg\" alt=\"DSCF0296\" width=\"260\" height=\"193\" \/><\/a><\/strong><strong>K-INO Inomata Art<br \/>\n<\/strong><\/h4>\n<p>3-7 Koudocho, Joetsu-shi, Niigata, Japan<br \/>\nT\u00e9l\u00e9phone : +81-25-523-6760\u00a0\u00a0 FAX : +81-25-523-7969<\/p>\n<p>Director Kazuhiro Inomata<\/p>\n<h2 id=\"anglais\">T\u00e9l\u00e9charger la brochure\uff08Anglais\uff09<\/h2>\n<h4>Guide d&rsquo;entreprise<\/h4>\n<p><a href=\"http:\/\/k-ino.jp\/wp\/wp-content\/uploads\/2017\/12\/pm_company_en_omote_A4.jpg\"><img loading=\"lazy\" decoding=\"async\" class=\"alignnone size-medium wp-image-1213\" src=\"http:\/\/k-ino.jp\/wp\/wp-content\/uploads\/2017\/12\/pm_company_en_omote_A4-320x226.jpg\" alt=\"\" width=\"320\" height=\"226\" srcset=\"https:\/\/k-ino.jp\/wp\/wp-content\/uploads\/2017\/12\/pm_company_en_omote_A4-320x226.jpg 320w, https:\/\/k-ino.jp\/wp\/wp-content\/uploads\/2017\/12\/pm_company_en_omote_A4-768x543.jpg 768w, https:\/\/k-ino.jp\/wp\/wp-content\/uploads\/2017\/12\/pm_company_en_omote_A4-640x452.jpg 640w, https:\/\/k-ino.jp\/wp\/wp-content\/uploads\/2017\/12\/pm_company_en_omote_A4.jpg 842w\" sizes=\"auto, (max-width: 320px) 100vw, 320px\" \/><\/a> <a href=\"http:\/\/k-ino.jp\/wp\/wp-content\/uploads\/2017\/12\/pm_company_en_ura_A4.jpg\"><img loading=\"lazy\" decoding=\"async\" class=\"alignnone size-medium wp-image-1214\" src=\"http:\/\/k-ino.jp\/wp\/wp-content\/uploads\/2017\/12\/pm_company_en_ura_A4-320x226.jpg\" alt=\"\" width=\"320\" height=\"226\" srcset=\"https:\/\/k-ino.jp\/wp\/wp-content\/uploads\/2017\/12\/pm_company_en_ura_A4-320x226.jpg 320w, https:\/\/k-ino.jp\/wp\/wp-content\/uploads\/2017\/12\/pm_company_en_ura_A4-768x543.jpg 768w, https:\/\/k-ino.jp\/wp\/wp-content\/uploads\/2017\/12\/pm_company_en_ura_A4-640x452.jpg 640w, https:\/\/k-ino.jp\/wp\/wp-content\/uploads\/2017\/12\/pm_company_en_ura_A4.jpg 842w\" sizes=\"auto, (max-width: 320px) 100vw, 320px\" \/><\/a><\/p>\n<p><span style=\"color: #ff6600;\"><strong>&gt;&gt;<\/strong> <\/span><a href=\"http:\/\/k-ino.jp\/wp\/wp-content\/uploads\/2017\/12\/pm_company_en_A4.pdf\" target=\"_blank\" rel=\"noopener\">PDF\uff08PDF\/3.69MB\uff09<\/a><\/p>\n<h4>Kinomo Box<\/h4>\n<p><a href=\"http:\/\/k-ino.jp\/wp\/wp-content\/uploads\/2015\/12\/pm_2017_en_omote.jpg\"><img loading=\"lazy\" decoding=\"async\" class=\"alignnone size-medium wp-image-1206\" src=\"http:\/\/k-ino.jp\/wp\/wp-content\/uploads\/2015\/12\/pm_2017_en_omote-320x226.jpg\" alt=\"\" width=\"320\" height=\"226\" srcset=\"https:\/\/k-ino.jp\/wp\/wp-content\/uploads\/2015\/12\/pm_2017_en_omote-320x226.jpg 320w, https:\/\/k-ino.jp\/wp\/wp-content\/uploads\/2015\/12\/pm_2017_en_omote-768x543.jpg 768w, https:\/\/k-ino.jp\/wp\/wp-content\/uploads\/2015\/12\/pm_2017_en_omote-640x452.jpg 640w, https:\/\/k-ino.jp\/wp\/wp-content\/uploads\/2015\/12\/pm_2017_en_omote.jpg 842w\" sizes=\"auto, (max-width: 320px) 100vw, 320px\" \/><\/a> <a href=\"http:\/\/k-ino.jp\/wp\/wp-content\/uploads\/2015\/12\/pm_2017_en_ura.jpg\"><img loading=\"lazy\" decoding=\"async\" class=\"alignnone size-medium wp-image-1207\" src=\"http:\/\/k-ino.jp\/wp\/wp-content\/uploads\/2015\/12\/pm_2017_en_ura-320x226.jpg\" alt=\"\" width=\"320\" height=\"226\" srcset=\"https:\/\/k-ino.jp\/wp\/wp-content\/uploads\/2015\/12\/pm_2017_en_ura-320x226.jpg 320w, https:\/\/k-ino.jp\/wp\/wp-content\/uploads\/2015\/12\/pm_2017_en_ura-768x543.jpg 768w, https:\/\/k-ino.jp\/wp\/wp-content\/uploads\/2015\/12\/pm_2017_en_ura-640x452.jpg 640w, https:\/\/k-ino.jp\/wp\/wp-content\/uploads\/2015\/12\/pm_2017_en_ura.jpg 842w\" sizes=\"auto, (max-width: 320px) 100vw, 320px\" \/><\/a><\/p>\n<p><span style=\"color: #ff6600;\"><strong>&gt;&gt;<\/strong> <\/span><a href=\"http:\/\/k-ino.jp\/wp\/wp-content\/uploads\/2015\/12\/pm_2017_en.pdf\" target=\"_blank\" rel=\"noopener\">PDF\uff08PDF\/3.94MB\uff09<\/a><\/p>\n","protected":false},"excerpt":{"rendered":"PRIX ET R\u00c9COMPENSES 11\u00e8me concours national des cloisons mobiles \u00e0 Miyazaki : prix de la presse de Miyazaki. 12\u00e8me concours national des cloisons mobiles \u00e0 Tokyo : prix du responsable de l\u2019\u00e9conomie\u00a0 du travail de Tokyo. 14\u00e8me concours national des cloisons mobiles \u00e0 Nagano : prix du conseil municipal de Nagano. 17\u00e8me concours national des cloisons mobiles \u00e0 Shimane : prix du comit\u00e9 ex\u00e9cutif du concours de Shimane. Premier certificat de Ma\u00eetre accord\u00e9 par la ville de Joetsu. 45\u00e8me exposition de cr\u00e9ation artisanale : prix du Minist\u00e8re de l\u2019\u00c9ducation, de la Culture, des Sports, des Sciences et de la Technologie. Cool Japan Awards 2019 Awarded EXPOSITIONS \u00c0 L\u2019ETRANGER 2006 \u00a0Sarone [&hellip;]","protected":false},"author":1,"featured_media":599,"parent":0,"menu_order":6,"comment_status":"closed","ping_status":"closed","template":"page-index.php","meta":{"_acf_changed":false,"footnotes":""},"class_list":["post-300","page","type-page","status-publish","has-post-thumbnail","hentry"],"acf":[],"publishpress_future_action":{"enabled":false,"date":"2026-05-08 09:04:11","action":"change-status","newStatus":"draft","terms":[],"taxonomy":"translation_priority","extraData":[]},"publishpress_future_workflow_manual_trigger":{"enabledWorkflows":[]},"_links":{"self":[{"href":"https:\/\/k-ino.jp\/fr\/wp-json\/wp\/v2\/pages\/300","targetHints":{"allow":["GET"]}}],"collection":[{"href":"https:\/\/k-ino.jp\/fr\/wp-json\/wp\/v2\/pages"}],"about":[{"href":"https:\/\/k-ino.jp\/fr\/wp-json\/wp\/v2\/types\/page"}],"author":[{"embeddable":true,"href":"https:\/\/k-ino.jp\/fr\/wp-json\/wp\/v2\/users\/1"}],"replies":[{"embeddable":true,"href":"https:\/\/k-ino.jp\/fr\/wp-json\/wp\/v2\/comments?post=300"}],"version-history":[{"count":5,"href":"https:\/\/k-ino.jp\/fr\/wp-json\/wp\/v2\/pages\/300\/revisions"}],"predecessor-version":[{"id":3178,"href":"https:\/\/k-ino.jp\/fr\/wp-json\/wp\/v2\/pages\/300\/revisions\/3178"}],"wp:featuredmedia":[{"embeddable":true,"href":"https:\/\/k-ino.jp\/fr\/wp-json\/wp\/v2\/media\/599"}],"wp:attachment":[{"href":"https:\/\/k-ino.jp\/fr\/wp-json\/wp\/v2\/media?parent=300"}],"curies":[{"name":"wp","href":"https:\/\/api.w.org\/{rel}","templated":true}]}}