{"id":365,"date":"2015-11-26T16:05:14","date_gmt":"2015-11-26T07:05:14","guid":{"rendered":"http:\/\/k-ino.jp\/wp\/fr\/?page_id=365"},"modified":"2015-11-26T16:05:14","modified_gmt":"2015-11-26T07:05:14","slug":"la-disposition-des-kumiko","status":"publish","type":"page","link":"https:\/\/k-ino.jp\/fr\/kumiko\/la-disposition-des-kumiko\/","title":{"rendered":"LA DISPOSITION DES KUMIKO"},"content":{"rendered":"<p><img loading=\"lazy\" decoding=\"async\" class=\"alignright size-full wp-image-366\" src=\"http:\/\/k-ino.jp\/wp\/wp-content\/uploads\/2015\/11\/14.jpg\" alt=\"14\" width=\"200\" height=\"150\" \/>La nouvelle tendance des kumiko valorise les diff\u00e9rentes essences et couleurs de bois utilis\u00e9es.<\/p>\n<p>Lorsqu\u2019on mixe la diversit\u00e9 des motifs et la couleur des bois employ\u00e9s, il en r\u00e9sulte un nombre de combinaisons infini.<\/p>\n<p>Sur la photo ci-contre, du bois de c\u00e8dre (cryptom\u00e8re) \u00e0 droite et du cypr\u00e8s japonais \u00e0 gauche ont \u00e9t\u00e9 associ\u00e9s. Sur un m\u00eame motif, cette opposition de couleurs renvoie une sensation d\u2019ensemble tout \u00e0 fait diff\u00e9rente.<\/p>\n<hr \/>\n<p><img loading=\"lazy\" decoding=\"async\" class=\"alignleft size-full wp-image-367\" src=\"http:\/\/k-ino.jp\/wp\/wp-content\/uploads\/2015\/11\/15.jpg\" alt=\"15\" width=\"200\" height=\"150\" \/>La photo suivante pr\u00e9sente une r\u00e9alisation aux nombreux motifs imbriqu\u00e9s.<\/p>\n<p>Les motifs traditionnels y sont repr\u00e9sent\u00e9s mais de nouveaux \u00e9l\u00e9ments, comme les formes courbes y figurent. Cette association ouvre le champ \u00e0 des compositions innombrables.<\/p>\n<p>En r\u00e9sum\u00e9, la combinaison de formes de base, de pi\u00e8ces courbes et la disposition judicieuse des couleurs du bois offrent \u00e0 l\u2019artisan d\u2019immenses possibilit\u00e9s d\u2019expression et de cr\u00e9ativit\u00e9.<\/p>\n","protected":false},"excerpt":{"rendered":"La nouvelle tendance des kumiko valorise les diff\u00e9rentes essences et couleurs de bois utilis\u00e9es. Lorsqu\u2019on mixe la diversit\u00e9 des motifs et la couleur des bois employ\u00e9s, il en r\u00e9sulte un nombre de combinaisons infini. Sur la photo ci-contre, du bois de c\u00e8dre (cryptom\u00e8re) \u00e0 droite et du cypr\u00e8s japonais \u00e0 gauche ont \u00e9t\u00e9 associ\u00e9s. Sur un m\u00eame motif, cette opposition de couleurs renvoie une sensation d\u2019ensemble tout \u00e0 fait diff\u00e9rente. La photo suivante pr\u00e9sente une r\u00e9alisation aux nombreux motifs imbriqu\u00e9s. Les motifs traditionnels y sont repr\u00e9sent\u00e9s mais de nouveaux \u00e9l\u00e9ments, comme les formes courbes y figurent. Cette association ouvre le champ \u00e0 des compositions innombrables. En r\u00e9sum\u00e9, la combinaison de [&hellip;]","protected":false},"author":1,"featured_media":366,"parent":255,"menu_order":3,"comment_status":"closed","ping_status":"closed","template":"","meta":{"_acf_changed":false,"footnotes":""},"class_list":["post-365","page","type-page","status-publish","has-post-thumbnail","hentry"],"acf":[],"publishpress_future_action":{"enabled":false,"date":"2026-05-16 00:00:08","action":"change-status","newStatus":"draft","terms":[],"taxonomy":"translation_priority","extraData":[]},"publishpress_future_workflow_manual_trigger":{"enabledWorkflows":[]},"_links":{"self":[{"href":"https:\/\/k-ino.jp\/fr\/wp-json\/wp\/v2\/pages\/365","targetHints":{"allow":["GET"]}}],"collection":[{"href":"https:\/\/k-ino.jp\/fr\/wp-json\/wp\/v2\/pages"}],"about":[{"href":"https:\/\/k-ino.jp\/fr\/wp-json\/wp\/v2\/types\/page"}],"author":[{"embeddable":true,"href":"https:\/\/k-ino.jp\/fr\/wp-json\/wp\/v2\/users\/1"}],"replies":[{"embeddable":true,"href":"https:\/\/k-ino.jp\/fr\/wp-json\/wp\/v2\/comments?post=365"}],"version-history":[{"count":1,"href":"https:\/\/k-ino.jp\/fr\/wp-json\/wp\/v2\/pages\/365\/revisions"}],"predecessor-version":[{"id":368,"href":"https:\/\/k-ino.jp\/fr\/wp-json\/wp\/v2\/pages\/365\/revisions\/368"}],"up":[{"embeddable":true,"href":"https:\/\/k-ino.jp\/fr\/wp-json\/wp\/v2\/pages\/255"}],"wp:featuredmedia":[{"embeddable":true,"href":"https:\/\/k-ino.jp\/fr\/wp-json\/wp\/v2\/media\/366"}],"wp:attachment":[{"href":"https:\/\/k-ino.jp\/fr\/wp-json\/wp\/v2\/media?parent=365"}],"curies":[{"name":"wp","href":"https:\/\/api.w.org\/{rel}","templated":true}]}}